{"id":2435,"date":"2023-09-12T02:23:37","date_gmt":"2023-09-12T02:23:37","guid":{"rendered":"https:\/\/merkantadevelopment-shmx.net\/informacion-sobre-riesgos\/"},"modified":"2026-01-29T15:39:43","modified_gmt":"2026-01-29T15:39:43","slug":"informacion-sobre-riesgos","status":"publish","type":"page","link":"https:\/\/shinhan.com.mx\/es\/informacion-sobre-riesgos\/","title":{"rendered":"Informaci\u00f3n de Riesgos"},"content":{"rendered":"[vc_row type=\u00bbin_container\u00bb full_screen_row_position=\u00bbmiddle\u00bb column_margin=\u00bbdefault\u00bb column_direction=\u00bbdefault\u00bb column_direction_tablet=\u00bbdefault\u00bb column_direction_phone=\u00bbdefault\u00bb scene_position=\u00bbcenter\u00bb text_color=\u00bbdark\u00bb text_align=\u00bbleft\u00bb row_border_radius=\u00bbnone\u00bb row_border_radius_applies=\u00bbbg\u00bb overflow=\u00bbvisible\u00bb overlay_strength=\u00bb0.3&#8243; gradient_direction=\u00bbleft_to_right\u00bb shape_divider_position=\u00bbbottom\u00bb bg_image_animation=\u00bbnone\u00bb][vc_column column_padding=\u00bbno-extra-padding\u00bb column_padding_tablet=\u00bbinherit\u00bb column_padding_phone=\u00bbinherit\u00bb column_padding_position=\u00bball\u00bb column_element_direction_desktop=\u00bbdefault\u00bb column_element_spacing=\u00bbdefault\u00bb desktop_text_alignment=\u00bbdefault\u00bb tablet_text_alignment=\u00bbdefault\u00bb phone_text_alignment=\u00bbdefault\u00bb background_color_opacity=\u00bb1&#8243; background_hover_color_opacity=\u00bb1&#8243; column_backdrop_filter=\u00bbnone\u00bb column_shadow=\u00bbnone\u00bb column_border_radius=\u00bbnone\u00bb column_link_target=\u00bb_self\u00bb column_position=\u00bbdefault\u00bb gradient_direction=\u00bbleft_to_right\u00bb overlay_strength=\u00bb0.3&#8243; width=\u00bb1\/1&#8243; tablet_width_inherit=\u00bbdefault\u00bb animation_type=\u00bbdefault\u00bb bg_image_animation=\u00bbnone\u00bb border_type=\u00bbsimple\u00bb column_border_width=\u00bbnone\u00bb column_border_style=\u00bbsolid\u00bb][vc_column_text]\n<h2 class=\"p1\"><span class=\"s1\" style=\"color: #0046ff;\"><b>Informaci\u00f3n de Riesgos<\/b><\/span><\/h2>\n<h3 class=\"p2\"><span class=\"s1\"><b>Unidad de Administraci\u00f3n Integral de Riesgos (UAIR)<\/b><\/span><\/h3>\n<p>El proceso de Administraci\u00f3n Integral de Riesgos en el Banco comprende el establecimiento de lineamientos, pol\u00edticas y procedimientos para la identificaci\u00f3n, medici\u00f3n, vigilancia, limitaci\u00f3n, control y revelaci\u00f3n de los diferentes tipos de riesgo que enfrenta la Instituci\u00f3n en su operaci\u00f3n.<\/p>\n<p>Los riesgos a los que est\u00e1 expuesta la Instituci\u00f3n son; el Riesgo de Mercado, el Riesgo de Cr\u00e9dito, el Riesgo de Liquidez, el Riesgo de Tipos de Inter\u00e9s y el Riesgo Operacional; este \u00faltimo agrupa el Riesgo Tecnol\u00f3gico y el Riesgo Legal. Todos ellos se gestionan a trav\u00e9s del sistema Core bancario Aither y de sistemas auxiliares del Core bancario como VALMER y Bajaware; dentro de los cuales estos riesgos pueden ser monitoreados a trav\u00e9s de una serie de informes que pueden ser generados con la periodicidad requerida por cada tipo de riesgo.<\/p>\n<p>Las figuras responsables de la Administraci\u00f3n Integral de Riesgos y sus actividades generales son:<\/p>\n<ul class=\"ul1\">\n<li class=\"li4\">El Consejo de Administraci\u00f3n, responsable de aprobar los objetivos, directrices y pol\u00edticas de la Administraci\u00f3n Integral de Riesgos, los l\u00edmites globales y los mecanismos de medidas correctoras.<\/li>\n<li class=\"li4\">El Director General, responsable de asegurar que se mantenga la independencia necesaria entre la Unidad de Gesti\u00f3n de Riesgos y las unidades de negocio.<\/li>\n<li class=\"li4\">El Comit\u00e9 de Riesgos, responsable de la gesti\u00f3n de los riesgos a los que est\u00e1 expuesta la Instituci\u00f3n y de vigilar que su funcionamiento se ajuste a los objetivos, pol\u00edticas y procedimientos.<\/li>\n<li class=\"li4\">La Unidad de Administraci\u00f3n Integral de Riesgos (UAIR) tiene como objetivo identificar, medir, controlar e informar sobre los riesgos cuantificables a los que se enfrenta la Instituci\u00f3n.<\/li>\n<li class=\"li4\">Y la Auditor\u00eda Interna que tiene entre sus funciones realizar una auditor\u00eda a la Administraci\u00f3n Integral de Riesgos al final de cada a\u00f1o.<\/li>\n<\/ul>\n[\/vc_column_text][vc_column_text]El prop\u00f3sito de la Gesti\u00f3n Integral de Riesgos es asegurar la operaci\u00f3n y la creaci\u00f3n de valor en la Instituci\u00f3n manteniendo una relaci\u00f3n conservadora entre riesgo y desempe\u00f1o.<\/p>\n<p><strong>Objetivo de la Unidad de Administraci\u00f3n Integral de Riesgos (UAIR)<\/strong><\/p>\n<p>La Unidad de Administraci\u00f3n Integral de Riesgos del Banco Shinhan de M\u00e9xico debe cumplir con los siguientes objetivos:<\/p>\n<ul>\n<li>Apoyar a la Direcci\u00f3n General en la implantaci\u00f3n del sistema de Gesti\u00f3n Integral de Riesgos.<\/li>\n<li>Apoyar a la Direcci\u00f3n General en la gesti\u00f3n de la operaci\u00f3n teniendo en cuenta los entornos de riesgos nuevos y cambiantes, as\u00ed como el entorno del riesgo existente.<\/li>\n<li>Promover el desarrollo y aplicaci\u00f3n de una cultura de AIR en el Banco a trav\u00e9s del dise\u00f1o, desarrollo y aplicaci\u00f3n de pol\u00edticas, lineamientos y metodolog\u00edas en la materia, consistentes con los criterios prudenciales establecidos por las autoridades y acordes con las mejores pr\u00e1cticas a nivel nacional e internacional.<\/li>\n<li>Buscar un equilibrio entre riesgo y rendimiento consistente con los objetivos y estrategias de Banco Shinhan de M\u00e9xico.<\/li>\n<li>Generar modelos de riesgo que permitan a Banco Shinhan de M\u00e9xico prevenir posibles riesgos que impacten la liquidez y el capital.<\/li>\n<\/ul>\n[\/vc_column_text][vc_column_text]\n<p class=\"p1\"><strong><span class=\"s1\">Alcance de la Administraci\u00f3n Integral de Riesgos:<\/span><\/strong><\/p>\n<p class=\"p1\"><span class=\"s1\">Difundir efectivamente la cultura de AIR en todos los niveles de Banco Shinhan de M\u00e9xico, permitiendo que cada uno de los integrantes de la instituci\u00f3n tenga una visi\u00f3n m\u00e1s clara de los riesgos asumidos y las herramientas para poder administrarlos adecuadamente.<\/span><\/p>\n<h3 class=\"p1\"><span class=\"s1\"><b>Marco integrado de gesti\u00f3n de riesgos<\/b><\/span><\/h3>\n[\/vc_column_text][image_with_animation image_url=\u00bb1240&#8243; image_size=\u00bbfull\u00bb animation_type=\u00bbentrance\u00bb animation=\u00bbNone\u00bb animation_movement_type=\u00bbtransform_y\u00bb hover_animation=\u00bbnone\u00bb alignment=\u00bb\u00bb border_radius=\u00bbnone\u00bb box_shadow=\u00bbnone\u00bb image_loading=\u00bbdefault\u00bb max_width=\u00bb75%\u00bb max_width_mobile=\u00bbdefault\u00bb][divider line_type=\u00bbNo Line\u00bb custom_height=\u00bb25&#8243;][vc_column_text]\n<h3 class=\"p1\"><span class=\"s1\"><b>Diagrama de contexto<\/b><\/span><\/h3>\n<p class=\"p1\"><span class=\"s1\">El siguiente diagrama permite identificar, de forma gen\u00e9rica, a los participantes en los procesos relacionados con el UAIR, clasific\u00e1ndolos en diferentes grupos en funci\u00f3n de su participaci\u00f3n.<\/span><\/p>\n[\/vc_column_text][image_with_animation image_url=\u00bb1241&#8243; image_size=\u00bbfull\u00bb animation_type=\u00bbentrance\u00bb animation=\u00bbNone\u00bb animation_movement_type=\u00bbtransform_y\u00bb hover_animation=\u00bbnone\u00bb alignment=\u00bb\u00bb border_radius=\u00bbnone\u00bb box_shadow=\u00bbnone\u00bb image_loading=\u00bbdefault\u00bb max_width=\u00bb75%\u00bb max_width_mobile=\u00bbdefault\u00bb][divider line_type=\u00bbNo Line\u00bb custom_height=\u00bb10&#8243;][vc_row_inner column_margin=\u00bbdefault\u00bb column_direction=\u00bbdefault\u00bb column_direction_tablet=\u00bbdefault\u00bb column_direction_phone=\u00bbdefault\u00bb text_align=\u00bbleft\u00bb row_position=\u00bbdefault\u00bb row_position_tablet=\u00bbinherit\u00bb row_position_phone=\u00bbinherit\u00bb overflow=\u00bbvisible\u00bb pointer_events=\u00bball\u00bb][vc_column_inner column_padding=\u00bbno-extra-padding\u00bb column_padding_tablet=\u00bbinherit\u00bb column_padding_phone=\u00bbinherit\u00bb column_padding_position=\u00bball\u00bb column_element_direction_desktop=\u00bbdefault\u00bb column_element_spacing=\u00bbdefault\u00bb desktop_text_alignment=\u00bbdefault\u00bb tablet_text_alignment=\u00bbdefault\u00bb phone_text_alignment=\u00bbdefault\u00bb background_color_opacity=\u00bb1&#8243; background_hover_color_opacity=\u00bb1&#8243; column_backdrop_filter=\u00bbnone\u00bb column_shadow=\u00bbnone\u00bb column_border_radius=\u00bbnone\u00bb column_link_target=\u00bb_self\u00bb overflow=\u00bbvisible\u00bb gradient_direction=\u00bbleft_to_right\u00bb overlay_strength=\u00bb0.3&#8243; width=\u00bb1\/2&#8243; tablet_width_inherit=\u00bbdefault\u00bb animation_type=\u00bbdefault\u00bb bg_image_animation=\u00bbnone\u00bb border_type=\u00bbsimple\u00bb column_border_width=\u00bbnone\u00bb column_border_style=\u00bbsolid\u00bb][nectar_btn size=\u00bblarge\u00bb button_style=\u00bbregular\u00bb button_color_2=\u00bbAccent-Color\u00bb icon_family=\u00bbdefault_arrow\u00bb text=\u00bbNotas Trimestrales de la Unidad de Administraci\u00f3n Integral de Riesgos\u00bb url=\u00bb\/es\/informes-notas-trimestrales-de-la-unidad-de-administracion-integral-de-riesgos\/\u00bb][nectar_btn size=\u00bblarge\u00bb button_style=\u00bbregular\u00bb button_color_2=\u00bbAccent-Color\u00bb icon_family=\u00bbdefault_arrow\u00bb text=\u00bbNotas de Revelaci\u00f3n del Coeficiente de Cobertura de Liquidez\u00bb url=\u00bb\/es\/informes-notas-de-revelacion-del-coeficiente-de-cobertura-de-liquidez\u00bb][nectar_btn size=\u00bblarge\u00bb button_style=\u00bbregular\u00bb button_color_2=\u00bbAccent-Color\u00bb icon_family=\u00bbdefault_arrow\u00bb text=\u00bbNotas de Revelaci\u00f3n del Coeficiente de Financiamiento Estable Neto\u00bb url=\u00bb\/es\/informes-notas-de-revelacion-del-coeficiente-de-financiamiento-estable-neto\u00bb][nectar_btn size=\u00bblarge\u00bb button_style=\u00bbregular\u00bb button_color_2=\u00bbAccent-Color\u00bb icon_family=\u00bbdefault_arrow\u00bb text=\u00bbNotas de Revelaci\u00f3n de Riesgo Operacional\u00bb url=\u00bb\/es\/informes-notas-de-revelacion-de-riesgo-operacional\u00bb][\/vc_column_inner][vc_column_inner column_padding=\u00bbno-extra-padding\u00bb column_padding_tablet=\u00bbinherit\u00bb column_padding_phone=\u00bbinherit\u00bb column_padding_position=\u00bball\u00bb column_element_direction_desktop=\u00bbdefault\u00bb column_element_spacing=\u00bbdefault\u00bb desktop_text_alignment=\u00bbdefault\u00bb tablet_text_alignment=\u00bbdefault\u00bb phone_text_alignment=\u00bbdefault\u00bb background_color_opacity=\u00bb1&#8243; background_hover_color_opacity=\u00bb1&#8243; column_backdrop_filter=\u00bbnone\u00bb column_shadow=\u00bbnone\u00bb column_border_radius=\u00bbnone\u00bb column_link_target=\u00bb_self\u00bb overflow=\u00bbvisible\u00bb gradient_direction=\u00bbleft_to_right\u00bb overlay_strength=\u00bb0.3&#8243; width=\u00bb1\/2&#8243; tablet_width_inherit=\u00bbdefault\u00bb animation_type=\u00bbdefault\u00bb bg_image_animation=\u00bbnone\u00bb border_type=\u00bbsimple\u00bb column_border_width=\u00bbnone\u00bb column_border_style=\u00bbsolid\u00bb][\/vc_column_inner][\/vc_row_inner][\/vc_column][\/vc_row][vc_row type=\u00bbin_container\u00bb full_screen_row_position=\u00bbmiddle\u00bb column_margin=\u00bbdefault\u00bb column_direction=\u00bbdefault\u00bb column_direction_tablet=\u00bbdefault\u00bb column_direction_phone=\u00bbdefault\u00bb scene_position=\u00bbcenter\u00bb text_color=\u00bbdark\u00bb text_align=\u00bbleft\u00bb row_border_radius=\u00bbnone\u00bb row_border_radius_applies=\u00bbbg\u00bb overflow=\u00bbvisible\u00bb overlay_strength=\u00bb0.3&#8243; gradient_direction=\u00bbleft_to_right\u00bb shape_divider_position=\u00bbbottom\u00bb bg_image_animation=\u00bbnone\u00bb][vc_column column_padding=\u00bbno-extra-padding\u00bb column_padding_tablet=\u00bbinherit\u00bb column_padding_phone=\u00bbinherit\u00bb column_padding_position=\u00bball\u00bb column_element_direction_desktop=\u00bbdefault\u00bb column_element_spacing=\u00bbdefault\u00bb desktop_text_alignment=\u00bbdefault\u00bb tablet_text_alignment=\u00bbdefault\u00bb phone_text_alignment=\u00bbdefault\u00bb background_color_opacity=\u00bb1&#8243; background_hover_color_opacity=\u00bb1&#8243; column_backdrop_filter=\u00bbnone\u00bb column_shadow=\u00bbnone\u00bb column_border_radius=\u00bbnone\u00bb column_link_target=\u00bb_self\u00bb column_position=\u00bbdefault\u00bb gradient_direction=\u00bbleft_to_right\u00bb overlay_strength=\u00bb0.3&#8243; width=\u00bb1\/1&#8243; tablet_width_inherit=\u00bbdefault\u00bb animation_type=\u00bbdefault\u00bb bg_image_animation=\u00bbnone\u00bb border_type=\u00bbsimple\u00bb column_border_width=\u00bbnone\u00bb column_border_style=\u00bbsolid\u00bb][nectar_global_section id=\u00bb64&#8243;][\/vc_column][\/vc_row]\n","protected":false},"excerpt":{"rendered":"<p>[vc_row type=\u00bbin_container\u00bb full_screen_row_position=\u00bbmiddle\u00bb column_margin=\u00bbdefault\u00bb column_direction=\u00bbdefault\u00bb column_direction_tablet=\u00bbdefault\u00bb column_direction_phone=\u00bbdefault\u00bb scene_position=\u00bbcenter\u00bb text_color=\u00bbdark\u00bb text_align=\u00bbleft\u00bb row_border_radius=\u00bbnone\u00bb row_border_radius_applies=\u00bbbg\u00bb overflow=\u00bbvisible\u00bb overlay_strength=\u00bb0.3&#8243; gradient_direction=\u00bbleft_to_right\u00bb shape_divider_position=\u00bbbottom\u00bb bg_image_animation=\u00bbnone\u00bb][vc_column column_padding=\u00bbno-extra-padding\u00bb column_padding_tablet=\u00bbinherit\u00bb column_padding_phone=\u00bbinherit\u00bb column_padding_position=\u00bball\u00bb column_element_direction_desktop=\u00bbdefault\u00bb column_element_spacing=\u00bbdefault\u00bb desktop_text_alignment=\u00bbdefault\u00bb tablet_text_alignment=\u00bbdefault\u00bb phone_text_alignment=\u00bbdefault\u00bb background_color_opacity=\u00bb1&#8243; background_hover_color_opacity=\u00bb1&#8243; column_backdrop_filter=\u00bbnone\u00bb column_shadow=\u00bbnone\u00bb&#8230;<\/p>\n","protected":false},"author":3,"featured_media":0,"parent":0,"menu_order":0,"comment_status":"closed","ping_status":"closed","template":"","meta":{"footnotes":""},"class_list":["post-2435","page","type-page","status-publish"],"_links":{"self":[{"href":"https:\/\/shinhan.com.mx\/es\/wp-json\/wp\/v2\/pages\/2435","targetHints":{"allow":["GET"]}}],"collection":[{"href":"https:\/\/shinhan.com.mx\/es\/wp-json\/wp\/v2\/pages"}],"about":[{"href":"https:\/\/shinhan.com.mx\/es\/wp-json\/wp\/v2\/types\/page"}],"author":[{"embeddable":true,"href":"https:\/\/shinhan.com.mx\/es\/wp-json\/wp\/v2\/users\/3"}],"replies":[{"embeddable":true,"href":"https:\/\/shinhan.com.mx\/es\/wp-json\/wp\/v2\/comments?post=2435"}],"version-history":[{"count":19,"href":"https:\/\/shinhan.com.mx\/es\/wp-json\/wp\/v2\/pages\/2435\/revisions"}],"predecessor-version":[{"id":10200,"href":"https:\/\/shinhan.com.mx\/es\/wp-json\/wp\/v2\/pages\/2435\/revisions\/10200"}],"wp:attachment":[{"href":"https:\/\/shinhan.com.mx\/es\/wp-json\/wp\/v2\/media?parent=2435"}],"curies":[{"name":"wp","href":"https:\/\/api.w.org\/{rel}","templated":true}]}}