{"id":2448,"date":"2023-09-12T03:03:12","date_gmt":"2023-09-12T03:03:12","guid":{"rendered":"https:\/\/merkantadevelopment-shmx.net\/oficina-de-instituciones-financieras\/"},"modified":"2023-12-22T02:30:04","modified_gmt":"2023-12-22T02:30:04","slug":"oficina-de-instituciones-financieras","status":"publish","type":"page","link":"https:\/\/shinhan.com.mx\/es\/oficina-de-instituciones-financieras\/","title":{"rendered":"Oficina de Instituciones Financieras"},"content":{"rendered":"[vc_row type=\u00bbin_container\u00bb full_screen_row_position=\u00bbmiddle\u00bb column_margin=\u00bbdefault\u00bb column_direction=\u00bbdefault\u00bb column_direction_tablet=\u00bbdefault\u00bb column_direction_phone=\u00bbdefault\u00bb scene_position=\u00bbcenter\u00bb text_color=\u00bbdark\u00bb text_align=\u00bbleft\u00bb row_border_radius=\u00bbnone\u00bb row_border_radius_applies=\u00bbbg\u00bb overflow=\u00bbvisible\u00bb overlay_strength=\u00bb0.3&#8243; gradient_direction=\u00bbleft_to_right\u00bb shape_divider_position=\u00bbbottom\u00bb bg_image_animation=\u00bbnone\u00bb][vc_column column_padding=\u00bbno-extra-padding\u00bb column_padding_tablet=\u00bbinherit\u00bb column_padding_phone=\u00bbinherit\u00bb column_padding_position=\u00bball\u00bb column_element_direction_desktop=\u00bbdefault\u00bb column_element_spacing=\u00bbdefault\u00bb desktop_text_alignment=\u00bbdefault\u00bb tablet_text_alignment=\u00bbdefault\u00bb phone_text_alignment=\u00bbdefault\u00bb background_color_opacity=\u00bb1&#8243; background_hover_color_opacity=\u00bb1&#8243; column_backdrop_filter=\u00bbnone\u00bb column_shadow=\u00bbnone\u00bb column_border_radius=\u00bbnone\u00bb column_link_target=\u00bb_self\u00bb column_position=\u00bbdefault\u00bb gradient_direction=\u00bbleft_to_right\u00bb overlay_strength=\u00bb0.3&#8243; width=\u00bb1\/1&#8243; tablet_width_inherit=\u00bbdefault\u00bb animation_type=\u00bbdefault\u00bb bg_image_animation=\u00bbnone\u00bb border_type=\u00bbsimple\u00bb column_border_width=\u00bbnone\u00bb column_border_style=\u00bbsolid\u00bb][vc_column_text]\n<h2 class=\"p1\"><span class=\"s1\"><b>Oficina de Instituciones Financieras<\/b><\/span><\/h2>\n<h3 class=\"p1\"><span class=\"s1\"><b>\u00bfQu\u00e9 es la Oficina de Instituciones Financieras?<\/b><\/span><\/h3>\n<p class=\"p2\"><span class=\"s1\">Es una herramienta de consulta y difusi\u00f3n con la que podr\u00e1s conocer los PRODUCTOS que ofrecen las entidades financieras, sus comisiones y tarifas, las reclamaciones de los usuarios, las pr\u00e1cticas insanas en las que incurren, las sanciones administrativas que les imponen, las cl\u00e1usulas abusivas de sus contratos y dem\u00e1s informaci\u00f3n que sea relevante para informarte sobre su actuaci\u00f3n.<\/span><\/p>\n<p class=\"p2\"><span class=\"s1\">Con el Bur\u00f3 de Entidades Financieras se podr\u00e1 saber qui\u00e9n es qui\u00e9n en bancos, seguros, sociedades financieras de objeto m\u00faltiple, cajas de ahorro, afores, entre otras entidades.<\/span><\/p>\n<p class=\"p2\"><span class=\"s1\">Con ello, podr\u00e1 comparar y evaluar las entidades financieras, sus productos y servicios, y tendr\u00e1 m\u00e1s elementos para elegir lo que m\u00e1s le convenga.<\/span><\/p>\n<p class=\"p2\"><span class=\"s1\">Esta informaci\u00f3n le ser\u00e1 \u00fatil para seleccionar unos PRODUCTOS financieros y tambi\u00e9n para conocerlos.<\/span><\/p>\n<p class=\"p2\"><span class=\"s1\">Lo anterior puede redundar en un mayor bienestar social, pues al conjuntar en un solo espacio informaci\u00f3n tan diversa del sistema financiero, el usuario tendr\u00e1 m\u00e1s elementos para optimizar su presupuesto, mejorar sus finanzas personales, utilizar correctamente los cr\u00e9ditos que fortalecer\u00e1n su econom\u00eda y obtener los seguros que la protejan, entre otros aspectos.<\/span><\/p>\n<h3 class=\"p1\"><span class=\"s1\"><b>\u00bfQuiere saber m\u00e1s?<\/b><\/span><\/h3>\n<p class=\"p2\"><span class=\"s1\">Para conocer la informaci\u00f3n de todo el sector al que corresponden estas entidades, puede acceder al portal de internet de la Oficina de Instituciones Financieras <a href=\"http:\/\/www.buro.gob.mx\/\"><br \/>\n  <span class=\"s2\">www.buro.gob.mx<\/span><br \/>\n<\/a><\/span><\/p>\n<p class=\"p2\"><span class=\"s1\">Consulte aqu\u00ed la informaci\u00f3n de las instituciones:<\/span><\/p>\n[\/vc_column_text][image_with_animation image_url=\u00bb3262&#8243; image_size=\u00bbfull\u00bb animation_type=\u00bbentrance\u00bb animation=\u00bbNone\u00bb animation_movement_type=\u00bbtransform_y\u00bb hover_animation=\u00bbnone\u00bb alignment=\u00bb\u00bb img_link_target=\u00bb_blank\u00bb border_radius=\u00bbnone\u00bb box_shadow=\u00bbnone\u00bb image_loading=\u00bbdefault\u00bb max_width=\u00bb100%\u00bb max_width_mobile=\u00bbdefault\u00bb img_link=\u00bbburo.gob.mx\/general_gob_mensual.php?idAnio=2023&amp;idMes=6#\u00bb][\/vc_column][\/vc_row][vc_row type=\u00bbin_container\u00bb full_screen_row_position=\u00bbmiddle\u00bb column_margin=\u00bbdefault\u00bb column_direction=\u00bbdefault\u00bb column_direction_tablet=\u00bbdefault\u00bb column_direction_phone=\u00bbdefault\u00bb scene_position=\u00bbcenter\u00bb text_color=\u00bbdark\u00bb text_align=\u00bbleft\u00bb row_border_radius=\u00bbnone\u00bb row_border_radius_applies=\u00bbbg\u00bb overflow=\u00bbvisible\u00bb overlay_strength=\u00bb0.3&#8243; gradient_direction=\u00bbleft_to_right\u00bb shape_divider_position=\u00bbbottom\u00bb bg_image_animation=\u00bbnone\u00bb][vc_column column_padding=\u00bbno-extra-padding\u00bb column_padding_tablet=\u00bbinherit\u00bb column_padding_phone=\u00bbinherit\u00bb column_padding_position=\u00bball\u00bb column_element_direction_desktop=\u00bbdefault\u00bb column_element_spacing=\u00bbdefault\u00bb desktop_text_alignment=\u00bbdefault\u00bb tablet_text_alignment=\u00bbdefault\u00bb phone_text_alignment=\u00bbdefault\u00bb background_color_opacity=\u00bb1&#8243; background_hover_color_opacity=\u00bb1&#8243; column_backdrop_filter=\u00bbnone\u00bb column_shadow=\u00bbnone\u00bb column_border_radius=\u00bbnone\u00bb column_link_target=\u00bb_self\u00bb column_position=\u00bbdefault\u00bb gradient_direction=\u00bbleft_to_right\u00bb overlay_strength=\u00bb0.3&#8243; width=\u00bb1\/1&#8243; tablet_width_inherit=\u00bbdefault\u00bb animation_type=\u00bbdefault\u00bb bg_image_animation=\u00bbnone\u00bb border_type=\u00bbsimple\u00bb column_border_width=\u00bbnone\u00bb column_border_style=\u00bbsolid\u00bb][nectar_global_section id=\u00bb64&#8243;][\/vc_column][\/vc_row]\n","protected":false},"excerpt":{"rendered":"<p>[vc_row type=\u00bbin_container\u00bb full_screen_row_position=\u00bbmiddle\u00bb column_margin=\u00bbdefault\u00bb column_direction=\u00bbdefault\u00bb column_direction_tablet=\u00bbdefault\u00bb column_direction_phone=\u00bbdefault\u00bb scene_position=\u00bbcenter\u00bb text_color=\u00bbdark\u00bb text_align=\u00bbleft\u00bb row_border_radius=\u00bbnone\u00bb row_border_radius_applies=\u00bbbg\u00bb overflow=\u00bbvisible\u00bb overlay_strength=\u00bb0.3&#8243; gradient_direction=\u00bbleft_to_right\u00bb shape_divider_position=\u00bbbottom\u00bb bg_image_animation=\u00bbnone\u00bb][vc_column column_padding=\u00bbno-extra-padding\u00bb column_padding_tablet=\u00bbinherit\u00bb column_padding_phone=\u00bbinherit\u00bb column_padding_position=\u00bball\u00bb column_element_direction_desktop=\u00bbdefault\u00bb column_element_spacing=\u00bbdefault\u00bb desktop_text_alignment=\u00bbdefault\u00bb tablet_text_alignment=\u00bbdefault\u00bb phone_text_alignment=\u00bbdefault\u00bb background_color_opacity=\u00bb1&#8243; background_hover_color_opacity=\u00bb1&#8243; column_backdrop_filter=\u00bbnone\u00bb column_shadow=\u00bbnone\u00bb&#8230;<\/p>\n","protected":false},"author":3,"featured_media":0,"parent":0,"menu_order":0,"comment_status":"closed","ping_status":"closed","template":"","meta":{"footnotes":""},"class_list":["post-2448","page","type-page","status-publish"],"_links":{"self":[{"href":"https:\/\/shinhan.com.mx\/es\/wp-json\/wp\/v2\/pages\/2448","targetHints":{"allow":["GET"]}}],"collection":[{"href":"https:\/\/shinhan.com.mx\/es\/wp-json\/wp\/v2\/pages"}],"about":[{"href":"https:\/\/shinhan.com.mx\/es\/wp-json\/wp\/v2\/types\/page"}],"author":[{"embeddable":true,"href":"https:\/\/shinhan.com.mx\/es\/wp-json\/wp\/v2\/users\/3"}],"replies":[{"embeddable":true,"href":"https:\/\/shinhan.com.mx\/es\/wp-json\/wp\/v2\/comments?post=2448"}],"version-history":[{"count":5,"href":"https:\/\/shinhan.com.mx\/es\/wp-json\/wp\/v2\/pages\/2448\/revisions"}],"predecessor-version":[{"id":3266,"href":"https:\/\/shinhan.com.mx\/es\/wp-json\/wp\/v2\/pages\/2448\/revisions\/3266"}],"wp:attachment":[{"href":"https:\/\/shinhan.com.mx\/es\/wp-json\/wp\/v2\/media?parent=2448"}],"curies":[{"name":"wp","href":"https:\/\/api.w.org\/{rel}","templated":true}]}}