{"id":2526,"date":"2023-09-26T03:49:36","date_gmt":"2023-09-26T03:49:36","guid":{"rendered":"https:\/\/merkantadevelopment-shmx.net\/pongase-en-contacto-con-nosotros\/"},"modified":"2025-09-17T15:52:36","modified_gmt":"2025-09-17T15:52:36","slug":"contacto","status":"publish","type":"page","link":"https:\/\/shinhan.com.mx\/es\/contacto\/","title":{"rendered":"Cont\u00e1ctanos"},"content":{"rendered":"[vc_row type=\u00bbfull_width_content\u00bb full_screen_row_position=\u00bbmiddle\u00bb column_margin=\u00bbdefault\u00bb equal_height=\u00bbyes\u00bb content_placement=\u00bbmiddle\u00bb column_direction=\u00bbdefault\u00bb column_direction_tablet=\u00bbdefault\u00bb column_direction_phone=\u00bbdefault\u00bb bg_color=\u00bb#ffffff\u00bb scene_position=\u00bbcenter\u00bb text_color=\u00bbdark\u00bb text_align=\u00bbleft\u00bb row_border_radius=\u00bbnone\u00bb row_border_radius_applies=\u00bbbg\u00bb overflow=\u00bbvisible\u00bb overlay_strength=\u00bb0.3&#8243; gradient_direction=\u00bbleft_to_right\u00bb shape_divider_position=\u00bbbottom\u00bb bg_image_animation=\u00bbnone\u00bb gradient_type=\u00bbdefault\u00bb shape_type=\u00bb\u00bb][vc_column column_padding=\u00bbpadding-7-percent\u00bb column_padding_tablet=\u00bbinherit\u00bb column_padding_phone=\u00bbinherit\u00bb column_padding_position=\u00bball\u00bb column_element_direction_desktop=\u00bbdefault\u00bb column_element_spacing=\u00bbdefault\u00bb desktop_text_alignment=\u00bbdefault\u00bb tablet_text_alignment=\u00bbdefault\u00bb phone_text_alignment=\u00bbdefault\u00bb background_color_opacity=\u00bb1&#8243; background_hover_color_opacity=\u00bb1&#8243; column_backdrop_filter=\u00bbnone\u00bb column_shadow=\u00bbnone\u00bb column_border_radius=\u00bbnone\u00bb column_link_target=\u00bb_self\u00bb column_position=\u00bbdefault\u00bb gradient_direction=\u00bbleft_to_right\u00bb overlay_strength=\u00bb0.3&#8243; width=\u00bb1\/2&#8243; tablet_width_inherit=\u00bbdefault\u00bb animation_type=\u00bbdefault\u00bb bg_image_animation=\u00bbnone\u00bb border_type=\u00bbsimple\u00bb column_border_width=\u00bbnone\u00bb column_border_style=\u00bbsolid\u00bb column_padding_type=\u00bbdefault\u00bb gradient_type=\u00bbdefault\u00bb][split_line_heading animation_type=\u00bbline-reveal-by-space\u00bb font_style=\u00bbh1&#8243; text_color=\u00bb#0046ff\u00bb line_reveal_by_space_text_effect=\u00bbdefault\u00bb stagger_animation=\u00bbtrue\u00bb mobile_disable_animation=\u00bbtrue\u00bb content_alignment=\u00bbdefault\u00bb mobile_content_alignment=\u00bbinherit\u00bb link_target=\u00bb_self\u00bb text_content=\u00bbCiudad de M\u00e9xico\u00bb font_size=\u00bb2vw\u00bb font_line_height=\u00bb1.3&#8243;][\/split_line_heading][nectar_gmap map_type=\u00bbleaflet\u00bb zoom=\u00bb17&#8243; marker_style=\u00bbnectar\u00bb color=\u00bbaccent-color\u00bb leaflet_map_greyscale=\u00bb1&#8243; map_center_lat=\u00bb\ufeff19.425888888889&#8243; map_center_lng=\u00bb-99.167583333333&#8243; map_markers=\u00bb\ufeff19.4258888888|-99.167583333|\u00bb][split_line_heading animation_type=\u00bbline-reveal-by-space\u00bb font_style=\u00bbh1&#8243; text_color=\u00bb#0046ff\u00bb line_reveal_by_space_text_effect=\u00bbdefault\u00bb stagger_animation=\u00bbtrue\u00bb mobile_disable_animation=\u00bbtrue\u00bb content_alignment=\u00bbdefault\u00bb mobile_content_alignment=\u00bbinherit\u00bb link_target=\u00bb_self\u00bb text_content=\u00bbCont\u00e1ctanos\u00bb font_size=\u00bb2vw\u00bb font_line_height=\u00bb1.3&#8243;][\/split_line_heading]<div class=\"iwithtext\"><div class=\"iwt-icon\"> <i class=\"icon-default-style linecon-icon-location accent-color\"><\/i> <\/div><div class=\"iwt-text\"> \n<p class=\"p1\">Av. Paseo de la Reforma 342, piso 27 \u201cTorre New York Life\u201d. Col. Ju\u00e1rez C.P. 06600 Cuauht\u00e9moc. CDMX.<\/p>\n<p class=\"p1\"><span class=\"s1\">Contacto <strong>Shinhan<\/strong>: (55) 6722-8000<\/span><\/p>\n <\/div><div class=\"clear\"><\/div><\/div><div class=\"iwithtext\"><div class=\"iwt-icon\"> <i class=\"icon-default-style fa fa-question accent-color\"><\/i> <\/div><div class=\"iwt-text\"> \n<p class=\"p1\" style=\"text-align: left;\"><span class=\"s1\">Consulta CONDUSEF: 800 999 8080 y 55 53400999<\/span><\/p>\n <\/div><div class=\"clear\"><\/div><\/div>[vc_row_inner column_margin=\u00bbdefault\u00bb column_direction=\u00bbdefault\u00bb column_direction_tablet=\u00bbdefault\u00bb column_direction_phone=\u00bbdefault\u00bb text_align=\u00bbleft\u00bb row_position=\u00bbdefault\u00bb row_position_tablet=\u00bbinherit\u00bb row_position_phone=\u00bbinherit\u00bb overflow=\u00bbvisible\u00bb pointer_events=\u00bball\u00bb][vc_column_inner column_padding=\u00bbno-extra-padding\u00bb column_padding_tablet=\u00bbinherit\u00bb column_padding_phone=\u00bbinherit\u00bb column_padding_position=\u00bball\u00bb column_element_direction_desktop=\u00bbdefault\u00bb column_element_spacing=\u00bbdefault\u00bb desktop_text_alignment=\u00bbdefault\u00bb tablet_text_alignment=\u00bbdefault\u00bb phone_text_alignment=\u00bbdefault\u00bb background_color_opacity=\u00bb1&#8243; background_hover_color_opacity=\u00bb1&#8243; column_backdrop_filter=\u00bbnone\u00bb column_shadow=\u00bbnone\u00bb column_border_radius=\u00bbnone\u00bb column_link_target=\u00bb_self\u00bb overflow=\u00bbvisible\u00bb gradient_direction=\u00bbleft_to_right\u00bb overlay_strength=\u00bb0.3&#8243; width=\u00bb1\/1&#8243; tablet_width_inherit=\u00bbdefault\u00bb animation_type=\u00bbdefault\u00bb bg_image_animation=\u00bbnone\u00bb border_type=\u00bbsimple\u00bb column_border_width=\u00bbnone\u00bb column_border_style=\u00bbsolid\u00bb][divider line_type=\u00bbNo Line\u00bb custom_height=\u00bb15&#8243;][vc_column_text]\n<h3><span style=\"color: #2878f5;\">Ingresa tus datos y con gusto te atenderemos.<\/span><\/h3>\n[\/vc_column_text][vc_raw_html]JTNDc2NyaXB0JTIwY2hhcnNldCUzRCUyMnV0Zi04JTIyJTIwdHlwZSUzRCUyMnRleHQlMkZqYXZhc2NyaXB0JTIyJTIwc3JjJTNEJTIyJTJGJTJGanMuaHNmb3Jtcy5uZXQlMkZmb3JtcyUyRmVtYmVkJTJGdjIuanMlMjIlM0UlM0MlMkZzY3JpcHQlM0UlM0NzY3JpcHQlM0VoYnNwdC5mb3Jtcy5jcmVhdGUlMjglN0IlMEElMjAlMjAlMjAlMjByZWdpb24lM0ElMjAlMjJuYTElMjIlMkMlMEElMjAlMjAlMjAlMjBwb3J0YWxJZCUzQSUyMCUyMjQ0MjQ2Nzk3JTIyJTJDJTBBJTIwJTIwJTIwJTIwZm9ybUlkJTNBJTIwJTIyNzU4YzQ2NWUtM2ZmMy00ODRiLThhNDMtOWU3ODMxYTRhMTFlJTIyJTBBJTIwJTIwJTdEJTI5JTNCJTBBJTNDJTJGc2NyaXB0JTNF[\/vc_raw_html][\/vc_column_inner][\/vc_row_inner][\/vc_column][vc_column column_padding=\u00bbpadding-7-percent\u00bb column_padding_tablet=\u00bbinherit\u00bb column_padding_phone=\u00bbinherit\u00bb column_padding_position=\u00bball\u00bb column_element_direction_desktop=\u00bbdefault\u00bb column_element_spacing=\u00bbdefault\u00bb desktop_text_alignment=\u00bbdefault\u00bb tablet_text_alignment=\u00bbdefault\u00bb phone_text_alignment=\u00bbdefault\u00bb background_color_opacity=\u00bb1&#8243; background_hover_color_opacity=\u00bb1&#8243; column_backdrop_filter=\u00bbnone\u00bb column_shadow=\u00bbnone\u00bb column_border_radius=\u00bbnone\u00bb column_link_target=\u00bb_self\u00bb column_position=\u00bbdefault\u00bb gradient_direction=\u00bbleft_to_right\u00bb overlay_strength=\u00bb0.3&#8243; width=\u00bb1\/2&#8243; tablet_width_inherit=\u00bbdefault\u00bb animation_type=\u00bbdefault\u00bb bg_image_animation=\u00bbnone\u00bb border_type=\u00bbsimple\u00bb column_border_width=\u00bbnone\u00bb column_border_style=\u00bbsolid\u00bb][split_line_heading animation_type=\u00bbline-reveal-by-space\u00bb font_style=\u00bbh1&#8243; text_color=\u00bb#0046ff\u00bb line_reveal_by_space_text_effect=\u00bbdefault\u00bb stagger_animation=\u00bbtrue\u00bb mobile_disable_animation=\u00bbtrue\u00bb content_alignment=\u00bbdefault\u00bb mobile_content_alignment=\u00bbinherit\u00bb link_target=\u00bb_self\u00bb text_content=\u00bbMonterrey\u00bb font_size=\u00bb2vw\u00bb font_line_height=\u00bb1.3&#8243;][\/split_line_heading][nectar_gmap map_type=\u00bbleaflet\u00bb zoom=\u00bb17&#8243; marker_style=\u00bbnectar\u00bb color=\u00bbaccent-color\u00bb leaflet_map_greyscale=\u00bb1&#8243; map_center_lat=\u00bb25.6492932&#8243; map_center_lng=\u00bb-100.351904&#8243; map_markers=\u00bb25.6492932|-100.351904&#8243;][split_line_heading animation_type=\u00bbline-reveal-by-space\u00bb font_style=\u00bbh1&#8243; text_color=\u00bb#0046ff\u00bb line_reveal_by_space_text_effect=\u00bbdefault\u00bb stagger_animation=\u00bbtrue\u00bb mobile_disable_animation=\u00bbtrue\u00bb content_alignment=\u00bbdefault\u00bb mobile_content_alignment=\u00bbinherit\u00bb link_target=\u00bb_self\u00bb font_size=\u00bb2vw\u00bb font_line_height=\u00bb1.3&#8243;][\/split_line_heading]<div class=\"iwithtext\"><div class=\"iwt-icon\"> <i class=\"icon-default-style linecon-icon-location accent-color\"><\/i> <\/div><div class=\"iwt-text\"> \n<p class=\"p1\"><span class=\"s1\">Av. R. Marg\u00e1in Zozaya 335, Valle del Campestre, C.P. 66265 San Pedro Garza Garc\u00eda, Nuevo Le\u00f3n.<\/span><\/p>\n<p class=\"p1\"><span class=\"s1\">Contacto <strong>Shinhan<\/strong>: (81) 3109-8580<\/span><\/p>\n <\/div><div class=\"clear\"><\/div><\/div><div class=\"iwithtext\"><div class=\"iwt-icon\"> <i class=\"icon-default-style fa fa-question accent-color\"><\/i> <\/div><div class=\"iwt-text\"> \n<p class=\"p1\"><span class=\"s1\">Consulta CONDUSEF: 800 999 8080 y 55 53400999<\/span><\/p>\n <\/div><div class=\"clear\"><\/div><\/div>[divider line_type=\u00bbNo Line\u00bb custom_height=\u00bb725&#8243;][\/vc_column][\/vc_row][vc_row type=\u00bbin_container\u00bb full_screen_row_position=\u00bbmiddle\u00bb column_margin=\u00bbdefault\u00bb column_direction=\u00bbdefault\u00bb column_direction_tablet=\u00bbdefault\u00bb column_direction_phone=\u00bbdefault\u00bb scene_position=\u00bbcenter\u00bb text_color=\u00bbdark\u00bb text_align=\u00bbleft\u00bb row_border_radius=\u00bbnone\u00bb row_border_radius_applies=\u00bbbg\u00bb overflow=\u00bbvisible\u00bb overlay_strength=\u00bb0.3&#8243; gradient_direction=\u00bbleft_to_right\u00bb shape_divider_position=\u00bbbottom\u00bb bg_image_animation=\u00bbnone\u00bb][vc_column column_padding=\u00bbno-extra-padding\u00bb column_padding_tablet=\u00bbinherit\u00bb column_padding_phone=\u00bbinherit\u00bb column_padding_position=\u00bball\u00bb column_element_direction_desktop=\u00bbdefault\u00bb column_element_spacing=\u00bbdefault\u00bb desktop_text_alignment=\u00bbdefault\u00bb tablet_text_alignment=\u00bbdefault\u00bb phone_text_alignment=\u00bbdefault\u00bb background_color_opacity=\u00bb1&#8243; background_hover_color_opacity=\u00bb1&#8243; column_backdrop_filter=\u00bbnone\u00bb column_shadow=\u00bbnone\u00bb column_border_radius=\u00bbnone\u00bb column_link_target=\u00bb_self\u00bb column_position=\u00bbdefault\u00bb gradient_direction=\u00bbleft_to_right\u00bb overlay_strength=\u00bb0.3&#8243; width=\u00bb1\/1&#8243; tablet_width_inherit=\u00bbdefault\u00bb animation_type=\u00bbdefault\u00bb bg_image_animation=\u00bbnone\u00bb border_type=\u00bbsimple\u00bb column_border_width=\u00bbnone\u00bb column_border_style=\u00bbsolid\u00bb][nectar_global_section id=\u00bb64&#8243;][\/vc_column][\/vc_row]\n","protected":false},"excerpt":{"rendered":"<p>[vc_row type=\u00bbfull_width_content\u00bb full_screen_row_position=\u00bbmiddle\u00bb column_margin=\u00bbdefault\u00bb equal_height=\u00bbyes\u00bb content_placement=\u00bbmiddle\u00bb column_direction=\u00bbdefault\u00bb column_direction_tablet=\u00bbdefault\u00bb column_direction_phone=\u00bbdefault\u00bb bg_color=\u00bb#ffffff\u00bb scene_position=\u00bbcenter\u00bb text_color=\u00bbdark\u00bb text_align=\u00bbleft\u00bb row_border_radius=\u00bbnone\u00bb row_border_radius_applies=\u00bbbg\u00bb overflow=\u00bbvisible\u00bb overlay_strength=\u00bb0.3&#8243; gradient_direction=\u00bbleft_to_right\u00bb shape_divider_position=\u00bbbottom\u00bb bg_image_animation=\u00bbnone\u00bb gradient_type=\u00bbdefault\u00bb shape_type=\u00bb\u00bb][vc_column column_padding=\u00bbpadding-7-percent\u00bb column_padding_tablet=\u00bbinherit\u00bb column_padding_phone=\u00bbinherit\u00bb column_padding_position=\u00bball\u00bb column_element_direction_desktop=\u00bbdefault\u00bb column_element_spacing=\u00bbdefault\u00bb desktop_text_alignment=\u00bbdefault\u00bb tablet_text_alignment=\u00bbdefault\u00bb&#8230;<\/p>\n","protected":false},"author":3,"featured_media":0,"parent":0,"menu_order":0,"comment_status":"closed","ping_status":"closed","template":"","meta":{"footnotes":""},"class_list":["post-2526","page","type-page","status-publish"],"_links":{"self":[{"href":"https:\/\/shinhan.com.mx\/es\/wp-json\/wp\/v2\/pages\/2526","targetHints":{"allow":["GET"]}}],"collection":[{"href":"https:\/\/shinhan.com.mx\/es\/wp-json\/wp\/v2\/pages"}],"about":[{"href":"https:\/\/shinhan.com.mx\/es\/wp-json\/wp\/v2\/types\/page"}],"author":[{"embeddable":true,"href":"https:\/\/shinhan.com.mx\/es\/wp-json\/wp\/v2\/users\/3"}],"replies":[{"embeddable":true,"href":"https:\/\/shinhan.com.mx\/es\/wp-json\/wp\/v2\/comments?post=2526"}],"version-history":[{"count":61,"href":"https:\/\/shinhan.com.mx\/es\/wp-json\/wp\/v2\/pages\/2526\/revisions"}],"predecessor-version":[{"id":9738,"href":"https:\/\/shinhan.com.mx\/es\/wp-json\/wp\/v2\/pages\/2526\/revisions\/9738"}],"wp:attachment":[{"href":"https:\/\/shinhan.com.mx\/es\/wp-json\/wp\/v2\/media?parent=2526"}],"curies":[{"name":"wp","href":"https:\/\/api.w.org\/{rel}","templated":true}]}}