{"id":2541,"date":"2023-09-26T02:29:44","date_gmt":"2023-09-26T02:29:44","guid":{"rendered":"https:\/\/merkantadevelopment-shmx.net\/introduccion-bancaria\/"},"modified":"2025-08-12T17:36:38","modified_gmt":"2025-08-12T17:36:38","slug":"introduccion-bancaria","status":"publish","type":"page","link":"https:\/\/shinhan.com.mx\/es\/introduccion-bancaria\/","title":{"rendered":"Introducci\u00f3n bancaria"},"content":{"rendered":"[vc_row type=\u00bbfull_width_background\u00bb full_screen_row_position=\u00bbmiddle\u00bb column_margin=\u00bbdefault\u00bb column_direction=\u00bbdefault\u00bb column_direction_tablet=\u00bbdefault\u00bb column_direction_phone=\u00bbdefault\u00bb bg_color=\u00bbrgba(0,70,255,0.06)\u00bb scene_position=\u00bbcenter\u00bb top_padding=\u00bb2%\u00bb constrain_group_1=\u00bbyes\u00bb bottom_padding=\u00bb2%\u00bb text_color=\u00bbdark\u00bb text_align=\u00bbleft\u00bb row_border_radius=\u00bbnone\u00bb row_border_radius_applies=\u00bbbg\u00bb overflow=\u00bbvisible\u00bb overlay_strength=\u00bb0.3&#8243; gradient_direction=\u00bbleft_to_right\u00bb shape_divider_position=\u00bbbottom\u00bb bg_image_animation=\u00bbnone\u00bb gradient_type=\u00bbdefault\u00bb shape_type=\u00bb\u00bb][vc_column column_padding=\u00bbno-extra-padding\u00bb column_padding_tablet=\u00bbinherit\u00bb column_padding_phone=\u00bbinherit\u00bb column_padding_position=\u00bball\u00bb column_element_direction_desktop=\u00bbdefault\u00bb column_element_spacing=\u00bbdefault\u00bb centered_text=\u00bbtrue\u00bb desktop_text_alignment=\u00bbdefault\u00bb tablet_text_alignment=\u00bbdefault\u00bb phone_text_alignment=\u00bbdefault\u00bb background_color_opacity=\u00bb1&#8243; background_hover_color_opacity=\u00bb1&#8243; column_backdrop_filter=\u00bbnone\u00bb column_shadow=\u00bbnone\u00bb column_border_radius=\u00bbnone\u00bb column_link_target=\u00bb_self\u00bb column_position=\u00bbdefault\u00bb gradient_direction=\u00bbleft_to_right\u00bb overlay_strength=\u00bb0.3&#8243; width=\u00bb1\/6&#8243; tablet_width_inherit=\u00bbdefault\u00bb animation_type=\u00bbdefault\u00bb bg_image_animation=\u00bbnone\u00bb border_type=\u00bbsimple\u00bb column_border_width=\u00bbnone\u00bb column_border_style=\u00bbsolid\u00bb column_padding_type=\u00bbdefault\u00bb gradient_type=\u00bbdefault\u00bb][\/vc_column][vc_column column_padding=\u00bbno-extra-padding\u00bb column_padding_tablet=\u00bbinherit\u00bb column_padding_phone=\u00bbinherit\u00bb column_padding_position=\u00bball\u00bb column_element_direction_desktop=\u00bbdefault\u00bb column_element_spacing=\u00bbdefault\u00bb centered_text=\u00bbtrue\u00bb desktop_text_alignment=\u00bbdefault\u00bb tablet_text_alignment=\u00bbdefault\u00bb phone_text_alignment=\u00bbdefault\u00bb background_color_opacity=\u00bb1&#8243; background_hover_color_opacity=\u00bb1&#8243; column_backdrop_filter=\u00bbnone\u00bb column_shadow=\u00bbnone\u00bb column_border_radius=\u00bbnone\u00bb column_link_target=\u00bb_self\u00bb column_position=\u00bbdefault\u00bb gradient_direction=\u00bbleft_to_right\u00bb overlay_strength=\u00bb0.3&#8243; width=\u00bb2\/3&#8243; tablet_width_inherit=\u00bbdefault\u00bb animation_type=\u00bbdefault\u00bb bg_image_animation=\u00bbnone\u00bb border_type=\u00bbsimple\u00bb column_border_width=\u00bbnone\u00bb column_border_style=\u00bbsolid\u00bb column_padding_type=\u00bbdefault\u00bb gradient_type=\u00bbdefault\u00bb][split_line_heading animation_type=\u00bbline-reveal-by-space\u00bb font_style=\u00bbh2&#8243; text_color=\u00bb#0046ff\u00bb line_reveal_by_space_text_effect=\u00bbnone\u00bb stagger_animation=\u00bbtrue\u00bb mobile_disable_animation=\u00bbtrue\u00bb content_alignment=\u00bbdefault\u00bb mobile_content_alignment=\u00bbinherit\u00bb link_target=\u00bb_self\u00bb text_content=\u00bbPresentaci\u00f3n del banco\u00bb font_size=\u00bb2vw\u00bb font_line_height=\u00bb1.3&#8243;][\/split_line_heading][image_with_animation image_url=\u00bb7&#8243; image_size=\u00bbfull\u00bb animation_type=\u00bbentrance\u00bb animation=\u00bbNone\u00bb animation_movement_type=\u00bbtransform_y\u00bb hover_animation=\u00bbnone\u00bb alignment=\u00bbcenter\u00bb border_radius=\u00bbnone\u00bb box_shadow=\u00bbnone\u00bb image_loading=\u00bbdefault\u00bb max_width=\u00bb50%\u00bb max_width_mobile=\u00bbdefault\u00bb][\/vc_column][vc_column column_padding=\u00bbno-extra-padding\u00bb column_padding_tablet=\u00bbinherit\u00bb column_padding_phone=\u00bbinherit\u00bb column_padding_position=\u00bball\u00bb column_element_direction_desktop=\u00bbdefault\u00bb column_element_spacing=\u00bbdefault\u00bb desktop_text_alignment=\u00bbdefault\u00bb tablet_text_alignment=\u00bbdefault\u00bb phone_text_alignment=\u00bbdefault\u00bb background_color_opacity=\u00bb1&#8243; background_hover_color_opacity=\u00bb1&#8243; column_backdrop_filter=\u00bbnone\u00bb column_shadow=\u00bbnone\u00bb column_border_radius=\u00bbnone\u00bb column_link_target=\u00bb_self\u00bb column_position=\u00bbdefault\u00bb gradient_direction=\u00bbleft_to_right\u00bb overlay_strength=\u00bb0.3&#8243; width=\u00bb1\/6&#8243; tablet_width_inherit=\u00bbdefault\u00bb animation_type=\u00bbdefault\u00bb bg_image_animation=\u00bbnone\u00bb border_type=\u00bbsimple\u00bb column_border_width=\u00bbnone\u00bb column_border_style=\u00bbsolid\u00bb][\/vc_column][\/vc_row][vc_row type=\u00bbfull_width_background\u00bb full_screen_row_position=\u00bbmiddle\u00bb column_margin=\u00bbdefault\u00bb column_direction=\u00bbdefault\u00bb column_direction_tablet=\u00bbdefault\u00bb column_direction_phone=\u00bbdefault\u00bb bg_color=\u00bbrgba(0,70,255,0.06)\u00bb scene_position=\u00bbcenter\u00bb bottom_padding=\u00bb3%\u00bb text_color=\u00bbdark\u00bb text_align=\u00bbleft\u00bb row_border_radius=\u00bbnone\u00bb row_border_radius_applies=\u00bbbg\u00bb overflow=\u00bbvisible\u00bb overlay_strength=\u00bb0.3&#8243; gradient_direction=\u00bbleft_to_right\u00bb shape_divider_position=\u00bbbottom\u00bb bg_image_animation=\u00bbnone\u00bb gradient_type=\u00bbdefault\u00bb shape_type=\u00bb\u00bb][vc_column column_padding=\u00bbno-extra-padding\u00bb column_padding_tablet=\u00bbinherit\u00bb column_padding_phone=\u00bbinherit\u00bb column_padding_position=\u00bball\u00bb column_element_direction_desktop=\u00bbdefault\u00bb column_element_spacing=\u00bbdefault\u00bb centered_text=\u00bbtrue\u00bb desktop_text_alignment=\u00bbdefault\u00bb tablet_text_alignment=\u00bbdefault\u00bb phone_text_alignment=\u00bbdefault\u00bb background_color_opacity=\u00bb1&#8243; background_hover_color_opacity=\u00bb1&#8243; column_backdrop_filter=\u00bbnone\u00bb column_shadow=\u00bbnone\u00bb column_border_radius=\u00bbnone\u00bb column_link_target=\u00bb_self\u00bb column_position=\u00bbdefault\u00bb gradient_direction=\u00bbleft_to_right\u00bb overlay_strength=\u00bb0.3&#8243; width=\u00bb1\/1&#8243; tablet_width_inherit=\u00bbdefault\u00bb animation_type=\u00bbdefault\u00bb bg_image_animation=\u00bbnone\u00bb border_type=\u00bbsimple\u00bb column_border_width=\u00bbnone\u00bb column_border_style=\u00bbsolid\u00bb column_padding_type=\u00bbdefault\u00bb gradient_type=\u00bbdefault\u00bb][vc_column_text]\n<p class=\"my-2 [&amp;_strong:has(+br)]:inline-block [&amp;_strong:has(+br)]:pb-2\">Banco Shinhan de M\u00e9xico es una instituci\u00f3n financiera que opera como banca m\u00faltiple desde diciembre de 2017, con el respaldo de Shinhan Bank de Corea del Sur, integrante del Shinhan Financial Group, con presencia global en 20 pa\u00edses. Nuestra sede principal se encuentra en Ciudad de M\u00e9xico, con una oficina de representaci\u00f3n en Monterrey, lo que nos permite atender de manera eficiente a nuestros clientes en todo el pa\u00eds.<\/p>\n<p class=\"my-2 [&amp;_strong:has(+br)]:inline-block [&amp;_strong:has(+br)]:pb-2\">Banco Shinhan se especializa en brindar soluciones financieras a empresas con capital coreano en M\u00e9xico y a sus cadenas de valor. Nuestra pol\u00edtica crediticia se basa en las mejores pr\u00e1cticas locales y regulaciones vigentes, orientadas a la estabilidad financiera y el crecimiento sostenible de nuestros clientes.<\/p>\n<p class=\"my-2 [&amp;_strong:has(+br)]:inline-block [&amp;_strong:has(+br)]:pb-2\">Este enfoque organizado y s\u00f3lido nos posiciona como un socio confiable para impulsar el desarrollo econ\u00f3mico y fortalecer las relaciones comerciales entre M\u00e9xico y Corea, ofreciendo productos y servicios financieros adaptados a las necesidades actuales del mercado mexicano.<\/p>\n[\/vc_column_text][\/vc_column][\/vc_row][vc_row type=\u00bbfull_width_content\u00bb full_screen_row_position=\u00bbmiddle\u00bb column_margin=\u00bbdefault\u00bb column_direction=\u00bbdefault\u00bb column_direction_tablet=\u00bbdefault\u00bb column_direction_phone=\u00bbdefault\u00bb scene_position=\u00bbcenter\u00bb constrain_group_1=\u00bbyes\u00bb text_color=\u00bbdark\u00bb text_align=\u00bbleft\u00bb row_border_radius=\u00bbnone\u00bb row_border_radius_applies=\u00bbbg\u00bb overflow=\u00bbvisible\u00bb overlay_strength=\u00bb0.3&#8243; gradient_direction=\u00bbleft_to_right\u00bb shape_divider_position=\u00bbbottom\u00bb bg_image_animation=\u00bbnone\u00bb gradient_type=\u00bbdefault\u00bb shape_type=\u00bb\u00bb][vc_column column_padding=\u00bbno-extra-padding\u00bb column_padding_tablet=\u00bbinherit\u00bb column_padding_phone=\u00bbinherit\u00bb column_padding_position=\u00bball\u00bb column_element_direction_desktop=\u00bbdefault\u00bb column_element_spacing=\u00bbdefault\u00bb desktop_text_alignment=\u00bbdefault\u00bb tablet_text_alignment=\u00bbdefault\u00bb phone_text_alignment=\u00bbdefault\u00bb background_color_opacity=\u00bb1&#8243; background_hover_color_opacity=\u00bb1&#8243; column_backdrop_filter=\u00bbnone\u00bb column_shadow=\u00bbnone\u00bb column_border_radius=\u00bbnone\u00bb column_link_target=\u00bb_self\u00bb column_position=\u00bbdefault\u00bb gradient_direction=\u00bbleft_to_right\u00bb overlay_strength=\u00bb0.3&#8243; width=\u00bb1\/1&#8243; tablet_width_inherit=\u00bbdefault\u00bb animation_type=\u00bbdefault\u00bb bg_image_animation=\u00bbnone\u00bb border_type=\u00bbsimple\u00bb column_border_width=\u00bbnone\u00bb column_border_style=\u00bbsolid\u00bb][vc_column_text]\n<p style=\"text-align: center;\"><div class=\"twer-map-wrapper treweler-map-fw\" ><div class=\"twer-iframe-embed\" style=\"max-width:100%;height:700px;\"><iframe loading=\"lazy\" class=\"twer-iframe\" src=\"https:\/\/shinhan.com.mx\/es\/treweler-map\/world-map-shinhan\/?twer-index=1&#038;twer-map-id=1037&#038;twer-height=700px&#038;twer-type=fullwidth&#038;twer-scrollzoom=no&#038;twer-width=100%&#038;twer-lat=22.634325429008058&#038;twer-lon=6.221560573658394&#038;twer-zoom=1.5&#038;twer-root-id=2541&#038;tw=iframe\"  frameborder=\"0\" title=\"Treweler Map\"><\/iframe><\/div><\/div>\n[\/vc_column_text][\/vc_column][\/vc_row][vc_row type=\u00bbfull_width_content\u00bb full_screen_row_position=\u00bbmiddle\u00bb column_margin=\u00bb50px\u00bb equal_height=\u00bbyes\u00bb content_placement=\u00bbmiddle\u00bb column_direction=\u00bbdefault\u00bb column_direction_tablet=\u00bbdefault\u00bb column_direction_phone=\u00bbdefault\u00bb bg_image=\u00bb1223&#8243; bg_position=\u00bbcenter center\u00bb background_image_loading=\u00bbdefault\u00bb bg_repeat=\u00bbno-repeat\u00bb scene_position=\u00bbcenter\u00bb top_padding=\u00bb7%\u00bb constrain_group_1=\u00bbyes\u00bb bottom_padding=\u00bb7%\u00bb text_color=\u00bbdark\u00bb text_align=\u00bbleft\u00bb row_border_radius=\u00bbnone\u00bb row_border_radius_applies=\u00bbbg\u00bb overflow=\u00bbvisible\u00bb color_overlay=\u00bbrgba(255,255,255,0.86)\u00bb color_overlay_2=\u00bbrgba(255,255,255,0.83)\u00bb overlay_strength=\u00bb0.95&#8243; gradient_direction=\u00bbtop_to_bottom\u00bb shape_divider_position=\u00bbbottom\u00bb bg_image_animation=\u00bbnone\u00bb gradient_type=\u00bbdefault\u00bb shape_type=\u00bb\u00bb][vc_column column_padding=\u00bbno-extra-padding\u00bb column_padding_tablet=\u00bbinherit\u00bb column_padding_phone=\u00bbinherit\u00bb column_padding_position=\u00bball\u00bb column_element_direction_desktop=\u00bbdefault\u00bb column_element_spacing=\u00bbdefault\u00bb desktop_text_alignment=\u00bbdefault\u00bb tablet_text_alignment=\u00bbdefault\u00bb phone_text_alignment=\u00bbdefault\u00bb background_color=\u00bb#0046ff\u00bb background_color_opacity=\u00bb0.2&#8243; background_hover_color_opacity=\u00bb1&#8243; column_backdrop_filter=\u00bbnone\u00bb column_shadow=\u00bbnone\u00bb column_border_radius=\u00bb10px\u00bb column_link_target=\u00bb_self\u00bb column_position=\u00bbdefault\u00bb gradient_direction=\u00bbleft_to_right\u00bb overlay_strength=\u00bb0.3&#8243; width=\u00bb1\/4&#8243; tablet_width_inherit=\u00bbdefault\u00bb animation_type=\u00bbdefault\u00bb bg_image_animation=\u00bbnone\u00bb border_type=\u00bbsimple\u00bb column_border_width=\u00bbnone\u00bb column_border_style=\u00bbsolid\u00bb column_padding_type=\u00bbdefault\u00bb gradient_type=\u00bbdefault\u00bb][milestone heading_inherit=\u00bbh1&#8243; subject_padding=\u00bb0&#8243; color=\u00bbAccent-Color\u00bb effect=\u00bbcount\u00bb milestone_alignment=\u00bbdefault\u00bb number=\u00bb20&#8243; subject=\u00bbPa\u00edses\u00bb][\/vc_column][vc_column column_padding=\u00bbno-extra-padding\u00bb column_padding_tablet=\u00bbinherit\u00bb column_padding_phone=\u00bbinherit\u00bb column_padding_position=\u00bball\u00bb column_element_direction_desktop=\u00bbdefault\u00bb column_element_spacing=\u00bbdefault\u00bb desktop_text_alignment=\u00bbdefault\u00bb tablet_text_alignment=\u00bbdefault\u00bb phone_text_alignment=\u00bbdefault\u00bb background_color=\u00bb#0046ff\u00bb background_color_opacity=\u00bb0.2&#8243; background_hover_color_opacity=\u00bb1&#8243; column_backdrop_filter=\u00bbnone\u00bb column_shadow=\u00bbnone\u00bb column_border_radius=\u00bb10px\u00bb column_link_target=\u00bb_self\u00bb column_position=\u00bbdefault\u00bb gradient_direction=\u00bbleft_to_right\u00bb overlay_strength=\u00bb0.3&#8243; width=\u00bb1\/4&#8243; tablet_width_inherit=\u00bbdefault\u00bb animation_type=\u00bbdefault\u00bb bg_image_animation=\u00bbnone\u00bb border_type=\u00bbsimple\u00bb column_border_width=\u00bbnone\u00bb column_border_style=\u00bbsolid\u00bb column_padding_type=\u00bbdefault\u00bb gradient_type=\u00bbdefault\u00bb][milestone heading_inherit=\u00bbh1&#8243; subject_padding=\u00bb0&#8243; color=\u00bbExtra-Color-2&#8243; effect=\u00bbcount\u00bb milestone_alignment=\u00bbdefault\u00bb number=\u00bb172&#8243; subject=\u00bbRed mundial\u00bb][\/vc_column][vc_column column_padding=\u00bbno-extra-padding\u00bb column_padding_tablet=\u00bbinherit\u00bb column_padding_phone=\u00bbinherit\u00bb column_padding_position=\u00bball\u00bb column_element_direction_desktop=\u00bbdefault\u00bb column_element_spacing=\u00bbdefault\u00bb desktop_text_alignment=\u00bbdefault\u00bb tablet_text_alignment=\u00bbdefault\u00bb phone_text_alignment=\u00bbdefault\u00bb background_color_opacity=\u00bb1&#8243; background_hover_color_opacity=\u00bb1&#8243; column_backdrop_filter=\u00bbnone\u00bb column_shadow=\u00bbnone\u00bb column_border_radius=\u00bbnone\u00bb column_link_target=\u00bb_self\u00bb column_position=\u00bbdefault\u00bb gradient_direction=\u00bbleft_to_right\u00bb overlay_strength=\u00bb0.3&#8243; width=\u00bb1\/2&#8243; tablet_width_inherit=\u00bbdefault\u00bb animation_type=\u00bbdefault\u00bb bg_image_animation=\u00bbnone\u00bb border_type=\u00bbsimple\u00bb column_border_width=\u00bbnone\u00bb column_border_style=\u00bbsolid\u00bb][toggles style=\u00bbdefault\u00bb border_radius=\u00bbnone\u00bb][toggle color=\u00bbAccent-Color\u00bb heading_tag=\u00bbh3&#8243; heading_tag_functionality=\u00bbdefault\u00bb title=\u00bbAm\u00e9rica\u00bb][vc_column_text][\/vc_column_text]<div class=\"nectar-fancy-ul\" data-list-icon=\"icon-salient-thin-line\" data-animation=\"true\" data-animation-delay=\"0\" data-color=\"accent-color\" data-spacing=\"default\" data-alignment=\"left\"> \n<ul>\n<li><span style=\"color: #333333;\"><a style=\"color: #333333;\" href=\"https:\/\/www.shbamerica.com\/\" target=\"_blank\" rel=\"noopener\">Shinhan Bank America (SHBA)<\/a><\/span><\/li>\n<li><span style=\"color: #333333;\"><a style=\"color: #333333;\" href=\"https:\/\/www.shinhanglobal.com\/global.shinhan#page=122044\" target=\"_blank\" rel=\"noopener\">New York Branch<\/a><\/span><\/li>\n<li><span style=\"color: #333333;\"><a style=\"color: #333333;\" href=\"http:\/\/www.shinhan.ca\/\" target=\"_blank\" rel=\"noopener\">Shinhan Bank Canada<\/a><\/span><\/li>\n<\/ul>\n <\/div>[\/toggle][toggle color=\u00bbExtra-Color-2&#8243; heading_tag=\u00bbh3&#8243; heading_tag_functionality=\u00bbdefault\u00bb title=\u00bbJap\u00f3n\u00bb][vc_column_text][\/vc_column_text]<div class=\"nectar-fancy-ul\" data-list-icon=\"icon-salient-thin-line\" data-animation=\"true\" data-animation-delay=\"0\" data-color=\"accent-color\" data-spacing=\"default\" data-alignment=\"left\"> \n<ul>\n<li><a href=\"https:\/\/online.sbjbank.co.jp\/global.shinhan\" target=\"_blank\" rel=\"noopener\"><span style=\"color: #333333;\">Shinhan Bank\u00a0Japan (SBJ)<\/span><\/a><\/li>\n<\/ul>\n <\/div>[\/toggle][toggle color=\u00bbExtra-Color-2&#8243; heading_tag=\u00bbh3&#8243; heading_tag_functionality=\u00bbdefault\u00bb title=\u00bbAsia (Sudeste \/ Este \/ Sur)\u00bb]<div class=\"nectar-fancy-ul\" data-list-icon=\"icon-salient-thin-line\" data-animation=\"true\" data-animation-delay=\"0\" data-color=\"accent-color\" data-spacing=\"default\" data-alignment=\"left\"> \n<ul>\n<li><span style=\"color: #333333;\"><a style=\"color: #333333;\" href=\"https:\/\/shinhan.com.vn\/vi\" target=\"_blank\" rel=\"noopener\">Shinhan Bank Vietnam LTD.<\/a><\/span><\/li>\n<li><span style=\"color: #333333;\"><a style=\"color: #333333;\" href=\"http:\/\/www.shinhanbankindia.com\" target=\"_blank\" rel=\"noopener\">Shinhan Bank India<\/a><\/span><\/li>\n<li><span style=\"color: #333333;\"><a style=\"color: #333333;\" href=\"https:\/\/www.shinhanglobal.com\/global.shinhan#page=122044\" target=\"_blank\" rel=\"noopener\">Manila Branch<\/a><\/span><\/li>\n<li><span style=\"color: #333333;\"><a style=\"color: #333333;\" href=\"https:\/\/shinhan.com.kh\/km\" target=\"_blank\" rel=\"noopener\">Shinhan Bank Cambodia<\/a><\/span><\/li>\n<li><span style=\"color: #333333;\"><a style=\"color: #333333;\" href=\"https:\/\/www.shinhanglobal.com\/global.shinhan#page=122044\" target=\"_blank\" rel=\"noopener\">Yangon Branch<\/a><\/span><\/li>\n<li><span style=\"color: #333333;\"><a style=\"color: #333333;\" href=\"https:\/\/www.shinhanglobal.com\/global.shinhan#page=122044\" target=\"_blank\" rel=\"noopener\">Singapore Branch<\/a><\/span><\/li>\n<li><span style=\"color: #333333;\"><a style=\"color: #333333;\" href=\"https:\/\/www.shinhan.co.id\/\" target=\"_blank\" rel=\"noopener\">Shinhan Bank Indonesia<\/a><\/span><\/li>\n<\/ul>\n <\/div>[\/toggle][toggle color=\u00bbExtra-Color-2&#8243; heading_tag=\u00bbh3&#8243; heading_tag_functionality=\u00bbdefault\u00bb title=\u00bbChina\u00bb]<div class=\"nectar-fancy-ul\" data-list-icon=\"icon-salient-thin-line\" data-animation=\"true\" data-animation-delay=\"0\" data-color=\"accent-color\" data-spacing=\"default\" data-alignment=\"left\"> \n<ul>\n<li><span style=\"color: #333333;\"><a style=\"color: #333333;\" href=\"https:\/\/www.shinhanchina.com\/global.shinhan\" target=\"_blank\" rel=\"noopener\">Shinhan Bank (China) LTD.<\/a><\/span><\/li>\n<li><span style=\"color: #333333;\"><a style=\"color: #333333;\" href=\"https:\/\/www.shinhanglobal.com\/global.shinhan#page=122044\" target=\"_blank\" rel=\"noopener\">Hong Kong Branch<\/a><\/span><\/li>\n<\/ul>\n <\/div>[\/toggle][toggle color=\u00bbExtra-Color-2&#8243; heading_tag=\u00bbh3&#8243; heading_tag_functionality=\u00bbdefault\u00bb title=\u00bbEuropa \/ Asia Central\u00bb]<div class=\"nectar-fancy-ul\" data-list-icon=\"icon-salient-thin-line\" data-animation=\"true\" data-animation-delay=\"0\" data-color=\"accent-color\" data-spacing=\"default\" data-alignment=\"left\"> \n<ul>\n<li><span style=\"color: #333333;\"><a style=\"color: #333333;\" href=\"https:\/\/www.shinhan.kz\/en\/\" target=\"_blank\" rel=\"noopener\">Shinhan Bank Kazakhstan<\/a><\/span><\/li>\n<li><span style=\"color: #333333;\"><a style=\"color: #333333;\" href=\"https:\/\/www.shinhanglobal.com\/global.shinhan#page=122044\" target=\"_blank\" rel=\"noopener\">London Branch<\/a><\/span><\/li>\n<li><span style=\"color: #333333;\"><a style=\"color: #333333;\" href=\"https:\/\/www.shinhanglobal.com\/global.shinhan#page=122044\" target=\"_blank\" rel=\"noopener\">Uzbekiztan Representative Office<\/a><\/span><\/li>\n<li><span style=\"color: #333333;\"><a style=\"color: #333333;\" href=\"https:\/\/www.shinhanglobal.com\/global.shinhan#page=122044\" target=\"_blank\" rel=\"noopener\">Dubai Branch<\/a><\/span><\/li>\n<li><span style=\"color: #333333;\"><a style=\"color: #333333;\" href=\"https:\/\/www.shinhanglobal.com\/global.shinhan#page=122044\" target=\"_blank\" rel=\"noopener\">Shinhan Bank Europe GmbH<\/a><\/span><\/li>\n<\/ul>\n <\/div>[\/toggle][toggle color=\u00bbExtra-Color-2&#8243; heading_tag=\u00bbh3&#8243; heading_tag_functionality=\u00bbdefault\u00bb title=\u00bbOcean\u00eda\u00bb]<div class=\"nectar-fancy-ul\" data-list-icon=\"icon-salient-thin-line\" data-animation=\"true\" data-animation-delay=\"0\" data-color=\"accent-color\" data-spacing=\"default\" data-alignment=\"left\"> \n<ul>\n<li><span style=\"color: #333333;\"><a style=\"color: #333333;\" href=\"https:\/\/www.shinhanglobal.com\/global.shinhan#page=122044\" target=\"_blank\" rel=\"noopener\">Sidney Branch<\/a><\/span><\/li>\n<\/ul>\n <\/div>[\/toggle][\/toggles][\/vc_column][\/vc_row][vc_row type=\u00bbin_container\u00bb full_screen_row_position=\u00bbmiddle\u00bb column_margin=\u00bbdefault\u00bb column_direction=\u00bbdefault\u00bb column_direction_tablet=\u00bbdefault\u00bb column_direction_phone=\u00bbdefault\u00bb scene_position=\u00bbcenter\u00bb text_color=\u00bbdark\u00bb text_align=\u00bbleft\u00bb row_border_radius=\u00bbnone\u00bb row_border_radius_applies=\u00bbbg\u00bb overflow=\u00bbvisible\u00bb overlay_strength=\u00bb0.3&#8243; gradient_direction=\u00bbleft_to_right\u00bb shape_divider_position=\u00bbbottom\u00bb bg_image_animation=\u00bbnone\u00bb][vc_column column_padding=\u00bbno-extra-padding\u00bb column_padding_tablet=\u00bbinherit\u00bb column_padding_phone=\u00bbinherit\u00bb column_padding_position=\u00bball\u00bb column_element_direction_desktop=\u00bbdefault\u00bb column_element_spacing=\u00bbdefault\u00bb desktop_text_alignment=\u00bbdefault\u00bb tablet_text_alignment=\u00bbdefault\u00bb phone_text_alignment=\u00bbdefault\u00bb background_color_opacity=\u00bb1&#8243; background_hover_color_opacity=\u00bb1&#8243; column_backdrop_filter=\u00bbnone\u00bb column_shadow=\u00bbnone\u00bb column_border_radius=\u00bbnone\u00bb column_link_target=\u00bb_self\u00bb column_position=\u00bbdefault\u00bb gradient_direction=\u00bbleft_to_right\u00bb overlay_strength=\u00bb0.3&#8243; width=\u00bb1\/1&#8243; tablet_width_inherit=\u00bbdefault\u00bb animation_type=\u00bbdefault\u00bb bg_image_animation=\u00bbnone\u00bb border_type=\u00bbsimple\u00bb column_border_width=\u00bbnone\u00bb column_border_style=\u00bbsolid\u00bb][nectar_global_section id=\u00bb64&#8243;][\/vc_column][\/vc_row]\n","protected":false},"excerpt":{"rendered":"<p>[vc_row type=\u00bbfull_width_background\u00bb full_screen_row_position=\u00bbmiddle\u00bb column_margin=\u00bbdefault\u00bb column_direction=\u00bbdefault\u00bb column_direction_tablet=\u00bbdefault\u00bb column_direction_phone=\u00bbdefault\u00bb bg_color=\u00bbrgba(0,70,255,0.06)\u00bb scene_position=\u00bbcenter\u00bb top_padding=\u00bb2%\u00bb constrain_group_1=\u00bbyes\u00bb bottom_padding=\u00bb2%\u00bb text_color=\u00bbdark\u00bb text_align=\u00bbleft\u00bb row_border_radius=\u00bbnone\u00bb row_border_radius_applies=\u00bbbg\u00bb overflow=\u00bbvisible\u00bb overlay_strength=\u00bb0.3&#8243; gradient_direction=\u00bbleft_to_right\u00bb shape_divider_position=\u00bbbottom\u00bb bg_image_animation=\u00bbnone\u00bb gradient_type=\u00bbdefault\u00bb shape_type=\u00bb\u00bb][vc_column column_padding=\u00bbno-extra-padding\u00bb column_padding_tablet=\u00bbinherit\u00bb column_padding_phone=\u00bbinherit\u00bb column_padding_position=\u00bball\u00bb column_element_direction_desktop=\u00bbdefault\u00bb column_element_spacing=\u00bbdefault\u00bb centered_text=\u00bbtrue\u00bb&#8230;<\/p>\n","protected":false},"author":3,"featured_media":0,"parent":0,"menu_order":0,"comment_status":"closed","ping_status":"closed","template":"","meta":{"footnotes":""},"class_list":["post-2541","page","type-page","status-publish"],"_links":{"self":[{"href":"https:\/\/shinhan.com.mx\/es\/wp-json\/wp\/v2\/pages\/2541","targetHints":{"allow":["GET"]}}],"collection":[{"href":"https:\/\/shinhan.com.mx\/es\/wp-json\/wp\/v2\/pages"}],"about":[{"href":"https:\/\/shinhan.com.mx\/es\/wp-json\/wp\/v2\/types\/page"}],"author":[{"embeddable":true,"href":"https:\/\/shinhan.com.mx\/es\/wp-json\/wp\/v2\/users\/3"}],"replies":[{"embeddable":true,"href":"https:\/\/shinhan.com.mx\/es\/wp-json\/wp\/v2\/comments?post=2541"}],"version-history":[{"count":12,"href":"https:\/\/shinhan.com.mx\/es\/wp-json\/wp\/v2\/pages\/2541\/revisions"}],"predecessor-version":[{"id":9657,"href":"https:\/\/shinhan.com.mx\/es\/wp-json\/wp\/v2\/pages\/2541\/revisions\/9657"}],"wp:attachment":[{"href":"https:\/\/shinhan.com.mx\/es\/wp-json\/wp\/v2\/media?parent=2541"}],"curies":[{"name":"wp","href":"https:\/\/api.w.org\/{rel}","templated":true}]}}